{"id":3682,"date":"2025-11-19T13:00:27","date_gmt":"2025-11-19T13:00:27","guid":{"rendered":"https:\/\/ccopiajm.com\/producto\/handpicked-red-chillies\/"},"modified":"2026-03-31T13:07:46","modified_gmt":"2026-03-31T13:07:46","slug":"handpicked-red-chillies","status":"publish","type":"product","link":"https:\/\/ccopiajm.com\/?product=handpicked-red-chillies","title":{"rendered":"Grabado L\u00e1ser en Madera, Cuero y M\u00e1s"},"content":{"rendered":"<p data-start=\"392\" data-end=\"575\">El <strong data-start=\"395\" data-end=\"412\">grabado l\u00e1ser<\/strong> permite marcar dise\u00f1os, textos o im\u00e1genes con gran nivel de detalle sobre diferentes superficies, logrando una terminaci\u00f3n elegante, permanente y de alta calidad.<\/p>\n<p data-start=\"577\" data-end=\"665\">Es una excelente opci\u00f3n para personalizaci\u00f3n, branding y producci\u00f3n de productos \u00fanicos.<\/p>\n","protected":false},"excerpt":{"rendered":"<p data-start=\"226\" data-end=\"359\">Grabado l\u00e1ser de alta precisi\u00f3n sobre distintos materiales, ideal para personalizar productos con terminaci\u00f3n profesional y duradera.<\/p>\n","protected":false},"featured_media":5648,"comment_status":"open","ping_status":"closed","template":"","meta":{"_uag_custom_page_level_css":"","site-sidebar-layout":"default","site-content-layout":"default","ast-site-content-layout":"default","site-content-style":"default","site-sidebar-style":"default","ast-global-header-display":"","ast-banner-title-visibility":"","ast-main-header-display":"","ast-hfb-above-header-display":"","ast-hfb-below-header-display":"","ast-hfb-mobile-header-display":"","site-post-title":"","ast-breadcrumbs-content":"","ast-featured-img":"","footer-sml-layout":"","theme-transparent-header-meta":"default","adv-header-id-meta":"","stick-header-meta":"","header-above-stick-meta":"","header-main-stick-meta":"","header-below-stick-meta":"","astra-migrate-meta-layouts":"set","ast-page-background-enabled":"default","ast-page-background-meta":{"desktop":{"background-color":"","background-image":"","background-repeat":"repeat","background-position":"center center","background-size":"auto","background-attachment":"scroll","background-type":"","background-media":"","overlay-type":"","overlay-color":"","overlay-opacity":"","overlay-gradient":""},"tablet":{"background-color":"","background-image":"","background-repeat":"repeat","background-position":"center center","background-size":"auto","background-attachment":"scroll","background-type":"","background-media":"","overlay-type":"","overlay-color":"","overlay-opacity":"","overlay-gradient":""},"mobile":{"background-color":"","background-image":"","background-repeat":"repeat","background-position":"center center","background-size":"auto","background-attachment":"scroll","background-type":"","background-media":"","overlay-type":"","overlay-color":"","overlay-opacity":"","overlay-gradient":""}},"ast-content-background-meta":{"desktop":{"background-color":"var(--ast-global-color-5)","background-image":"","background-repeat":"repeat","background-position":"center center","background-size":"auto","background-attachment":"scroll","background-type":"","background-media":"","overlay-type":"","overlay-color":"","overlay-opacity":"","overlay-gradient":""},"tablet":{"background-color":"var(--ast-global-color-5)","background-image":"","background-repeat":"repeat","background-position":"center center","background-size":"auto","background-attachment":"scroll","background-type":"","background-media":"","overlay-type":"","overlay-color":"","overlay-opacity":"","overlay-gradient":""},"mobile":{"background-color":"var(--ast-global-color-5)","background-image":"","background-repeat":"repeat","background-position":"center center","background-size":"auto","background-attachment":"scroll","background-type":"","background-media":"","overlay-type":"","overlay-color":"","overlay-opacity":"","overlay-gradient":""}},"_kadence_starter_templates_imported_post":false},"product_brand":[],"product_cat":[22],"product_tag":[],"class_list":{"0":"post-3682","1":"product","2":"type-product","3":"status-publish","4":"has-post-thumbnail","6":"product_cat-imprenta","7":"desktop-align-center","8":"tablet-align-center","9":"mobile-align-center","11":"first","12":"instock","13":"shipping-taxable","14":"purchasable","15":"product-type-simple"},"uagb_featured_image_src":{"full":["https:\/\/ccopiajm.com\/wp-content\/uploads\/2026\/01\/10001-9.jpg",1060,706,false],"thumbnail":["https:\/\/ccopiajm.com\/wp-content\/uploads\/2026\/01\/10001-9-150x150.jpg",150,150,true],"medium":["https:\/\/ccopiajm.com\/wp-content\/uploads\/2026\/01\/10001-9-300x200.jpg",300,200,true],"medium_large":["https:\/\/ccopiajm.com\/wp-content\/uploads\/2026\/01\/10001-9-768x512.jpg",768,512,true],"large":["https:\/\/ccopiajm.com\/wp-content\/uploads\/2026\/01\/10001-9-1024x682.jpg",1024,682,true],"1536x1536":["https:\/\/ccopiajm.com\/wp-content\/uploads\/2026\/01\/10001-9.jpg",1060,706,false],"2048x2048":["https:\/\/ccopiajm.com\/wp-content\/uploads\/2026\/01\/10001-9.jpg",1060,706,false],"woocommerce_thumbnail":["https:\/\/ccopiajm.com\/wp-content\/uploads\/2026\/01\/10001-9-800x706.jpg",800,706,true],"woocommerce_single":["https:\/\/ccopiajm.com\/wp-content\/uploads\/2026\/01\/10001-9-700x466.jpg",700,466,true],"woocommerce_gallery_thumbnail":["https:\/\/ccopiajm.com\/wp-content\/uploads\/2026\/01\/10001-9-100x100.jpg",100,100,true]},"uagb_author_info":{"display_name":"c.copiajmaria@gmail.com","author_link":"https:\/\/ccopiajm.com\/?author=0"},"uagb_comment_info":0,"uagb_excerpt":"Grabado l\u00e1ser de alta precisi\u00f3n sobre distintos materiales, ideal para personalizar productos con terminaci\u00f3n profesional y duradera.","_links":{"self":[{"href":"https:\/\/ccopiajm.com\/index.php?rest_route=\/wp\/v2\/product\/3682","targetHints":{"allow":["GET"]}}],"collection":[{"href":"https:\/\/ccopiajm.com\/index.php?rest_route=\/wp\/v2\/product"}],"about":[{"href":"https:\/\/ccopiajm.com\/index.php?rest_route=\/wp\/v2\/types\/product"}],"replies":[{"embeddable":true,"href":"https:\/\/ccopiajm.com\/index.php?rest_route=%2Fwp%2Fv2%2Fcomments&post=3682"}],"wp:featuredmedia":[{"embeddable":true,"href":"https:\/\/ccopiajm.com\/index.php?rest_route=\/wp\/v2\/media\/5648"}],"wp:attachment":[{"href":"https:\/\/ccopiajm.com\/index.php?rest_route=%2Fwp%2Fv2%2Fmedia&parent=3682"}],"wp:term":[{"taxonomy":"product_brand","embeddable":true,"href":"https:\/\/ccopiajm.com\/index.php?rest_route=%2Fwp%2Fv2%2Fproduct_brand&post=3682"},{"taxonomy":"product_cat","embeddable":true,"href":"https:\/\/ccopiajm.com\/index.php?rest_route=%2Fwp%2Fv2%2Fproduct_cat&post=3682"},{"taxonomy":"product_tag","embeddable":true,"href":"https:\/\/ccopiajm.com\/index.php?rest_route=%2Fwp%2Fv2%2Fproduct_tag&post=3682"}],"curies":[{"name":"wp","href":"https:\/\/api.w.org\/{rel}","templated":true}]}}