{"id":3681,"date":"2025-11-19T13:00:27","date_gmt":"2025-11-19T13:00:27","guid":{"rendered":"https:\/\/ccopiajm.com\/producto\/pulses-from-organic-farm\/"},"modified":"2026-03-31T13:07:46","modified_gmt":"2026-03-31T13:07:46","slug":"pulses-from-organic-farm","status":"publish","type":"product","link":"https:\/\/ccopiajm.com\/?product=pulses-from-organic-farm","title":{"rendered":"Corte de Vinilo y Materiales (Textil y Adhesivo)"},"content":{"rendered":"<p data-start=\"470\" data-end=\"655\">Realizamos <strong data-start=\"481\" data-end=\"527\">corte de precisi\u00f3n en distintos materiales<\/strong>, adaptado a cada tipo de trabajo.<br data-start=\"561\" data-end=\"564\" \/>Ideal para aplicaciones textiles, gr\u00e1fica comercial, se\u00f1al\u00e9tica y proyectos personalizados.<\/p>\n<p data-start=\"657\" data-end=\"750\">Trabajamos con tecnolog\u00eda de corte que garantiza prolijidad, detalle y excelente terminaci\u00f3n.<\/p>\n","protected":false},"excerpt":{"rendered":"<p data-start=\"301\" data-end=\"437\">Servicio de corte de vinilo textil, vinilos adhesivos y papeles especiales, ideal para personalizaci\u00f3n, se\u00f1al\u00e9tica y producci\u00f3n gr\u00e1fica.<\/p>\n","protected":false},"featured_media":5748,"comment_status":"open","ping_status":"closed","template":"","meta":{"_uag_custom_page_level_css":"","site-sidebar-layout":"default","site-content-layout":"default","ast-site-content-layout":"default","site-content-style":"default","site-sidebar-style":"default","ast-global-header-display":"","ast-banner-title-visibility":"","ast-main-header-display":"","ast-hfb-above-header-display":"","ast-hfb-below-header-display":"","ast-hfb-mobile-header-display":"","site-post-title":"","ast-breadcrumbs-content":"","ast-featured-img":"","footer-sml-layout":"","theme-transparent-header-meta":"default","adv-header-id-meta":"","stick-header-meta":"","header-above-stick-meta":"","header-main-stick-meta":"","header-below-stick-meta":"","astra-migrate-meta-layouts":"set","ast-page-background-enabled":"default","ast-page-background-meta":{"desktop":{"background-color":"","background-image":"","background-repeat":"repeat","background-position":"center center","background-size":"auto","background-attachment":"scroll","background-type":"","background-media":"","overlay-type":"","overlay-color":"","overlay-opacity":"","overlay-gradient":""},"tablet":{"background-color":"","background-image":"","background-repeat":"repeat","background-position":"center center","background-size":"auto","background-attachment":"scroll","background-type":"","background-media":"","overlay-type":"","overlay-color":"","overlay-opacity":"","overlay-gradient":""},"mobile":{"background-color":"","background-image":"","background-repeat":"repeat","background-position":"center center","background-size":"auto","background-attachment":"scroll","background-type":"","background-media":"","overlay-type":"","overlay-color":"","overlay-opacity":"","overlay-gradient":""}},"ast-content-background-meta":{"desktop":{"background-color":"var(--ast-global-color-5)","background-image":"","background-repeat":"repeat","background-position":"center center","background-size":"auto","background-attachment":"scroll","background-type":"","background-media":"","overlay-type":"","overlay-color":"","overlay-opacity":"","overlay-gradient":""},"tablet":{"background-color":"var(--ast-global-color-5)","background-image":"","background-repeat":"repeat","background-position":"center center","background-size":"auto","background-attachment":"scroll","background-type":"","background-media":"","overlay-type":"","overlay-color":"","overlay-opacity":"","overlay-gradient":""},"mobile":{"background-color":"var(--ast-global-color-5)","background-image":"","background-repeat":"repeat","background-position":"center center","background-size":"auto","background-attachment":"scroll","background-type":"","background-media":"","overlay-type":"","overlay-color":"","overlay-opacity":"","overlay-gradient":""}},"_kadence_starter_templates_imported_post":false},"product_brand":[],"product_cat":[22],"product_tag":[],"class_list":{"0":"post-3681","1":"product","2":"type-product","3":"status-publish","4":"has-post-thumbnail","6":"product_cat-imprenta","7":"desktop-align-center","8":"tablet-align-center","9":"mobile-align-center","11":"first","12":"instock","13":"shipping-taxable","14":"purchasable","15":"product-type-simple"},"uagb_featured_image_src":{"full":["https:\/\/ccopiajm.com\/wp-content\/uploads\/2025\/11\/10001.png",484,369,false],"thumbnail":["https:\/\/ccopiajm.com\/wp-content\/uploads\/2025\/11\/10001-150x150.png",150,150,true],"medium":["https:\/\/ccopiajm.com\/wp-content\/uploads\/2025\/11\/10001-300x229.png",300,229,true],"medium_large":["https:\/\/ccopiajm.com\/wp-content\/uploads\/2025\/11\/10001.png",484,369,false],"large":["https:\/\/ccopiajm.com\/wp-content\/uploads\/2025\/11\/10001.png",484,369,false],"1536x1536":["https:\/\/ccopiajm.com\/wp-content\/uploads\/2025\/11\/10001.png",484,369,false],"2048x2048":["https:\/\/ccopiajm.com\/wp-content\/uploads\/2025\/11\/10001.png",484,369,false],"woocommerce_thumbnail":["https:\/\/ccopiajm.com\/wp-content\/uploads\/2025\/11\/10001.png",484,369,false],"woocommerce_single":["https:\/\/ccopiajm.com\/wp-content\/uploads\/2025\/11\/10001.png",484,369,false],"woocommerce_gallery_thumbnail":["https:\/\/ccopiajm.com\/wp-content\/uploads\/2025\/11\/10001-100x100.png",100,100,true]},"uagb_author_info":{"display_name":"c.copiajmaria@gmail.com","author_link":"https:\/\/ccopiajm.com\/?author=0"},"uagb_comment_info":0,"uagb_excerpt":"Servicio de corte de vinilo textil, vinilos adhesivos y papeles especiales, ideal para personalizaci\u00f3n, se\u00f1al\u00e9tica y producci\u00f3n gr\u00e1fica.","_links":{"self":[{"href":"https:\/\/ccopiajm.com\/index.php?rest_route=\/wp\/v2\/product\/3681","targetHints":{"allow":["GET"]}}],"collection":[{"href":"https:\/\/ccopiajm.com\/index.php?rest_route=\/wp\/v2\/product"}],"about":[{"href":"https:\/\/ccopiajm.com\/index.php?rest_route=\/wp\/v2\/types\/product"}],"replies":[{"embeddable":true,"href":"https:\/\/ccopiajm.com\/index.php?rest_route=%2Fwp%2Fv2%2Fcomments&post=3681"}],"wp:featuredmedia":[{"embeddable":true,"href":"https:\/\/ccopiajm.com\/index.php?rest_route=\/wp\/v2\/media\/5748"}],"wp:attachment":[{"href":"https:\/\/ccopiajm.com\/index.php?rest_route=%2Fwp%2Fv2%2Fmedia&parent=3681"}],"wp:term":[{"taxonomy":"product_brand","embeddable":true,"href":"https:\/\/ccopiajm.com\/index.php?rest_route=%2Fwp%2Fv2%2Fproduct_brand&post=3681"},{"taxonomy":"product_cat","embeddable":true,"href":"https:\/\/ccopiajm.com\/index.php?rest_route=%2Fwp%2Fv2%2Fproduct_cat&post=3681"},{"taxonomy":"product_tag","embeddable":true,"href":"https:\/\/ccopiajm.com\/index.php?rest_route=%2Fwp%2Fv2%2Fproduct_tag&post=3681"}],"curies":[{"name":"wp","href":"https:\/\/api.w.org\/{rel}","templated":true}]}}