{"id":3680,"date":"2025-11-19T13:00:27","date_gmt":"2025-11-19T13:00:27","guid":{"rendered":"https:\/\/ccopiajm.com\/producto\/fresh-orange-juice\/"},"modified":"2026-03-31T13:07:45","modified_gmt":"2026-03-31T13:07:45","slug":"fresh-orange-juice","status":"publish","type":"product","link":"https:\/\/ccopiajm.com\/?product=fresh-orange-juice","title":{"rendered":"Sublimaci\u00f3n Textil y de Productos Personalizados"},"content":{"rendered":"<p data-start=\"410\" data-end=\"659\">La <strong data-start=\"413\" data-end=\"428\">sublimaci\u00f3n<\/strong> es una t\u00e9cnica de impresi\u00f3n que permite transferir dise\u00f1os a trav\u00e9s de calor, logrando una integraci\u00f3n total con el material.<br data-start=\"554\" data-end=\"557\" \/>El resultado es una terminaci\u00f3n suave, sin relieve y con colores vivos que no se desgastan con el uso.<\/p>\n<p data-start=\"661\" data-end=\"761\">Es ideal para productos personalizados, regalos y producci\u00f3n de merchandising con excelente calidad.<\/p>\n","protected":false},"excerpt":{"rendered":"<p data-start=\"239\" data-end=\"379\">Impresi\u00f3n por sublimaci\u00f3n con colores intensos y gran definici\u00f3n, ideal para remeras claras y productos personalizados como tazas y regalos.<\/p>\n","protected":false},"featured_media":5746,"comment_status":"open","ping_status":"closed","template":"","meta":{"_uag_custom_page_level_css":"","site-sidebar-layout":"default","site-content-layout":"default","ast-site-content-layout":"default","site-content-style":"default","site-sidebar-style":"default","ast-global-header-display":"","ast-banner-title-visibility":"","ast-main-header-display":"","ast-hfb-above-header-display":"","ast-hfb-below-header-display":"","ast-hfb-mobile-header-display":"","site-post-title":"","ast-breadcrumbs-content":"","ast-featured-img":"","footer-sml-layout":"","theme-transparent-header-meta":"default","adv-header-id-meta":"","stick-header-meta":"","header-above-stick-meta":"","header-main-stick-meta":"","header-below-stick-meta":"","astra-migrate-meta-layouts":"set","ast-page-background-enabled":"default","ast-page-background-meta":{"desktop":{"background-color":"","background-image":"","background-repeat":"repeat","background-position":"center center","background-size":"auto","background-attachment":"scroll","background-type":"","background-media":"","overlay-type":"","overlay-color":"","overlay-opacity":"","overlay-gradient":""},"tablet":{"background-color":"","background-image":"","background-repeat":"repeat","background-position":"center center","background-size":"auto","background-attachment":"scroll","background-type":"","background-media":"","overlay-type":"","overlay-color":"","overlay-opacity":"","overlay-gradient":""},"mobile":{"background-color":"","background-image":"","background-repeat":"repeat","background-position":"center center","background-size":"auto","background-attachment":"scroll","background-type":"","background-media":"","overlay-type":"","overlay-color":"","overlay-opacity":"","overlay-gradient":""}},"ast-content-background-meta":{"desktop":{"background-color":"var(--ast-global-color-5)","background-image":"","background-repeat":"repeat","background-position":"center center","background-size":"auto","background-attachment":"scroll","background-type":"","background-media":"","overlay-type":"","overlay-color":"","overlay-opacity":"","overlay-gradient":""},"tablet":{"background-color":"var(--ast-global-color-5)","background-image":"","background-repeat":"repeat","background-position":"center center","background-size":"auto","background-attachment":"scroll","background-type":"","background-media":"","overlay-type":"","overlay-color":"","overlay-opacity":"","overlay-gradient":""},"mobile":{"background-color":"var(--ast-global-color-5)","background-image":"","background-repeat":"repeat","background-position":"center center","background-size":"auto","background-attachment":"scroll","background-type":"","background-media":"","overlay-type":"","overlay-color":"","overlay-opacity":"","overlay-gradient":""}},"_kadence_starter_templates_imported_post":false},"product_brand":[],"product_cat":[23],"product_tag":[],"class_list":{"0":"post-3680","1":"product","2":"type-product","3":"status-publish","4":"has-post-thumbnail","6":"product_cat-vinilo","7":"desktop-align-center","8":"tablet-align-center","9":"mobile-align-center","11":"first","12":"instock","13":"shipping-taxable","14":"purchasable","15":"product-type-simple"},"uagb_featured_image_src":{"full":["https:\/\/ccopiajm.com\/wp-content\/uploads\/2025\/11\/10001-1.jpg",600,600,false],"thumbnail":["https:\/\/ccopiajm.com\/wp-content\/uploads\/2025\/11\/10001-1-150x150.jpg",150,150,true],"medium":["https:\/\/ccopiajm.com\/wp-content\/uploads\/2025\/11\/10001-1-300x300.jpg",300,300,true],"medium_large":["https:\/\/ccopiajm.com\/wp-content\/uploads\/2025\/11\/10001-1.jpg",600,600,false],"large":["https:\/\/ccopiajm.com\/wp-content\/uploads\/2025\/11\/10001-1.jpg",600,600,false],"1536x1536":["https:\/\/ccopiajm.com\/wp-content\/uploads\/2025\/11\/10001-1.jpg",600,600,false],"2048x2048":["https:\/\/ccopiajm.com\/wp-content\/uploads\/2025\/11\/10001-1.jpg",600,600,false],"woocommerce_thumbnail":["https:\/\/ccopiajm.com\/wp-content\/uploads\/2025\/11\/10001-1.jpg",600,600,false],"woocommerce_single":["https:\/\/ccopiajm.com\/wp-content\/uploads\/2025\/11\/10001-1.jpg",600,600,false],"woocommerce_gallery_thumbnail":["https:\/\/ccopiajm.com\/wp-content\/uploads\/2025\/11\/10001-1-100x100.jpg",100,100,true]},"uagb_author_info":{"display_name":"c.copiajmaria@gmail.com","author_link":"https:\/\/ccopiajm.com\/?author=0"},"uagb_comment_info":0,"uagb_excerpt":"Impresi\u00f3n por sublimaci\u00f3n con colores intensos y gran definici\u00f3n, ideal para remeras claras y productos personalizados como tazas y regalos.","_links":{"self":[{"href":"https:\/\/ccopiajm.com\/index.php?rest_route=\/wp\/v2\/product\/3680","targetHints":{"allow":["GET"]}}],"collection":[{"href":"https:\/\/ccopiajm.com\/index.php?rest_route=\/wp\/v2\/product"}],"about":[{"href":"https:\/\/ccopiajm.com\/index.php?rest_route=\/wp\/v2\/types\/product"}],"replies":[{"embeddable":true,"href":"https:\/\/ccopiajm.com\/index.php?rest_route=%2Fwp%2Fv2%2Fcomments&post=3680"}],"wp:featuredmedia":[{"embeddable":true,"href":"https:\/\/ccopiajm.com\/index.php?rest_route=\/wp\/v2\/media\/5746"}],"wp:attachment":[{"href":"https:\/\/ccopiajm.com\/index.php?rest_route=%2Fwp%2Fv2%2Fmedia&parent=3680"}],"wp:term":[{"taxonomy":"product_brand","embeddable":true,"href":"https:\/\/ccopiajm.com\/index.php?rest_route=%2Fwp%2Fv2%2Fproduct_brand&post=3680"},{"taxonomy":"product_cat","embeddable":true,"href":"https:\/\/ccopiajm.com\/index.php?rest_route=%2Fwp%2Fv2%2Fproduct_cat&post=3680"},{"taxonomy":"product_tag","embeddable":true,"href":"https:\/\/ccopiajm.com\/index.php?rest_route=%2Fwp%2Fv2%2Fproduct_tag&post=3680"}],"curies":[{"name":"wp","href":"https:\/\/api.w.org\/{rel}","templated":true}]}}