{"id":3679,"date":"2025-11-19T13:00:27","date_gmt":"2025-11-19T13:00:27","guid":{"rendered":"https:\/\/ccopiajm.com\/producto\/hand-sanitizer\/"},"modified":"2026-03-31T13:07:44","modified_gmt":"2026-03-31T13:07:44","slug":"hand-sanitizer","status":"publish","type":"product","link":"https:\/\/ccopiajm.com\/?product=hand-sanitizer","title":{"rendered":"Impresi\u00f3n DTF Textil"},"content":{"rendered":"<p data-start=\"426\" data-end=\"590\">La tecnolog\u00eda <strong data-start=\"440\" data-end=\"471\">DTF Textil (Direct to Film)<\/strong> permite imprimir dise\u00f1os a todo color con excelente definici\u00f3n y transferirlos a prendas de manera r\u00e1pida y eficiente.<\/p>\n<p data-start=\"592\" data-end=\"747\">Es la opci\u00f3n ideal para marcas, emprendedores, equipos deportivos o prendas personalizadas, ya que se adapta a distintos tipos de telas sin perder calidad.<\/p>\n","protected":false},"excerpt":{"rendered":"<p data-start=\"247\" data-end=\"395\">Impresi\u00f3n textil full color de alta calidad, ideal para aplicar en todo tipo de telas. Colores intensos, gran durabilidad y terminaci\u00f3n profesional.<\/p>\n","protected":false},"featured_media":5744,"comment_status":"open","ping_status":"closed","template":"","meta":{"_uag_custom_page_level_css":"","site-sidebar-layout":"default","site-content-layout":"default","ast-site-content-layout":"default","site-content-style":"default","site-sidebar-style":"default","ast-global-header-display":"","ast-banner-title-visibility":"","ast-main-header-display":"","ast-hfb-above-header-display":"","ast-hfb-below-header-display":"","ast-hfb-mobile-header-display":"","site-post-title":"","ast-breadcrumbs-content":"","ast-featured-img":"","footer-sml-layout":"","theme-transparent-header-meta":"default","adv-header-id-meta":"","stick-header-meta":"","header-above-stick-meta":"","header-main-stick-meta":"","header-below-stick-meta":"","astra-migrate-meta-layouts":"set","ast-page-background-enabled":"default","ast-page-background-meta":{"desktop":{"background-color":"","background-image":"","background-repeat":"repeat","background-position":"center center","background-size":"auto","background-attachment":"scroll","background-type":"","background-media":"","overlay-type":"","overlay-color":"","overlay-opacity":"","overlay-gradient":""},"tablet":{"background-color":"","background-image":"","background-repeat":"repeat","background-position":"center center","background-size":"auto","background-attachment":"scroll","background-type":"","background-media":"","overlay-type":"","overlay-color":"","overlay-opacity":"","overlay-gradient":""},"mobile":{"background-color":"","background-image":"","background-repeat":"repeat","background-position":"center center","background-size":"auto","background-attachment":"scroll","background-type":"","background-media":"","overlay-type":"","overlay-color":"","overlay-opacity":"","overlay-gradient":""}},"ast-content-background-meta":{"desktop":{"background-color":"var(--ast-global-color-5)","background-image":"","background-repeat":"repeat","background-position":"center center","background-size":"auto","background-attachment":"scroll","background-type":"","background-media":"","overlay-type":"","overlay-color":"","overlay-opacity":"","overlay-gradient":""},"tablet":{"background-color":"var(--ast-global-color-5)","background-image":"","background-repeat":"repeat","background-position":"center center","background-size":"auto","background-attachment":"scroll","background-type":"","background-media":"","overlay-type":"","overlay-color":"","overlay-opacity":"","overlay-gradient":""},"mobile":{"background-color":"var(--ast-global-color-5)","background-image":"","background-repeat":"repeat","background-position":"center center","background-size":"auto","background-attachment":"scroll","background-type":"","background-media":"","overlay-type":"","overlay-color":"","overlay-opacity":"","overlay-gradient":""}},"_kadence_starter_templates_imported_post":false},"product_brand":[],"product_cat":[22],"product_tag":[],"class_list":{"0":"post-3679","1":"product","2":"type-product","3":"status-publish","4":"has-post-thumbnail","6":"product_cat-imprenta","7":"desktop-align-center","8":"tablet-align-center","9":"mobile-align-center","11":"first","12":"instock","13":"shipping-taxable","14":"purchasable","15":"product-type-simple"},"uagb_featured_image_src":{"full":["https:\/\/ccopiajm.com\/wp-content\/uploads\/2025\/11\/10001.webp",634,1200,false],"thumbnail":["https:\/\/ccopiajm.com\/wp-content\/uploads\/2025\/11\/10001-150x150.webp",150,150,true],"medium":["https:\/\/ccopiajm.com\/wp-content\/uploads\/2025\/11\/10001-159x300.webp",159,300,true],"medium_large":["https:\/\/ccopiajm.com\/wp-content\/uploads\/2025\/11\/10001.webp",634,1200,false],"large":["https:\/\/ccopiajm.com\/wp-content\/uploads\/2025\/11\/10001-541x1024.webp",541,1024,true],"1536x1536":["https:\/\/ccopiajm.com\/wp-content\/uploads\/2025\/11\/10001.webp",634,1200,false],"2048x2048":["https:\/\/ccopiajm.com\/wp-content\/uploads\/2025\/11\/10001.webp",634,1200,false],"woocommerce_thumbnail":["https:\/\/ccopiajm.com\/wp-content\/uploads\/2025\/11\/10001-634x800.webp",634,800,true],"woocommerce_single":["https:\/\/ccopiajm.com\/wp-content\/uploads\/2025\/11\/10001.webp",634,1200,false],"woocommerce_gallery_thumbnail":["https:\/\/ccopiajm.com\/wp-content\/uploads\/2025\/11\/10001-100x100.webp",100,100,true]},"uagb_author_info":{"display_name":"c.copiajmaria@gmail.com","author_link":"https:\/\/ccopiajm.com\/?author=0"},"uagb_comment_info":0,"uagb_excerpt":"Impresi\u00f3n textil full color de alta calidad, ideal para aplicar en todo tipo de telas. Colores intensos, gran durabilidad y terminaci\u00f3n profesional.","_links":{"self":[{"href":"https:\/\/ccopiajm.com\/index.php?rest_route=\/wp\/v2\/product\/3679","targetHints":{"allow":["GET"]}}],"collection":[{"href":"https:\/\/ccopiajm.com\/index.php?rest_route=\/wp\/v2\/product"}],"about":[{"href":"https:\/\/ccopiajm.com\/index.php?rest_route=\/wp\/v2\/types\/product"}],"replies":[{"embeddable":true,"href":"https:\/\/ccopiajm.com\/index.php?rest_route=%2Fwp%2Fv2%2Fcomments&post=3679"}],"wp:featuredmedia":[{"embeddable":true,"href":"https:\/\/ccopiajm.com\/index.php?rest_route=\/wp\/v2\/media\/5744"}],"wp:attachment":[{"href":"https:\/\/ccopiajm.com\/index.php?rest_route=%2Fwp%2Fv2%2Fmedia&parent=3679"}],"wp:term":[{"taxonomy":"product_brand","embeddable":true,"href":"https:\/\/ccopiajm.com\/index.php?rest_route=%2Fwp%2Fv2%2Fproduct_brand&post=3679"},{"taxonomy":"product_cat","embeddable":true,"href":"https:\/\/ccopiajm.com\/index.php?rest_route=%2Fwp%2Fv2%2Fproduct_cat&post=3679"},{"taxonomy":"product_tag","embeddable":true,"href":"https:\/\/ccopiajm.com\/index.php?rest_route=%2Fwp%2Fv2%2Fproduct_tag&post=3679"}],"curies":[{"name":"wp","href":"https:\/\/api.w.org\/{rel}","templated":true}]}}