{"id":3678,"date":"2025-11-19T13:00:27","date_gmt":"2025-11-19T13:00:27","guid":{"rendered":"https:\/\/ccopiajm.com\/producto\/farm-fresh-eggs\/"},"modified":"2026-03-30T13:31:56","modified_gmt":"2026-03-30T13:31:56","slug":"farm-fresh-eggs","status":"publish","type":"product","link":"https:\/\/ccopiajm.com\/?product=farm-fresh-eggs","title":{"rendered":"DTF UV"},"content":{"rendered":"<p data-start=\"500\" data-end=\"674\">La tecnolog\u00eda <strong data-start=\"514\" data-end=\"524\">DTF UV<\/strong> permite transferir dise\u00f1os full color directamente sobre superficies r\u00edgidas, logrando una terminaci\u00f3n prolija, resistente y de excelente definici\u00f3n.<\/p>\n<p data-start=\"676\" data-end=\"802\">Es una soluci\u00f3n ideal para personalizar objetos, crear productos de marca o desarrollar merchandising con calidad profesional.<\/p>\n","protected":false},"excerpt":{"rendered":"<p data-start=\"284\" data-end=\"469\">Impresi\u00f3n de alta calidad para aplicar en superficies r\u00edgidas como vidrio, pl\u00e1stico, madera o acr\u00edlico. Ideal para personalizar productos con terminaci\u00f3n profesional y gran durabilidad.<\/p>\n","protected":false},"featured_media":5743,"comment_status":"open","ping_status":"closed","template":"","meta":{"_uag_custom_page_level_css":"","site-sidebar-layout":"default","site-content-layout":"default","ast-site-content-layout":"default","site-content-style":"default","site-sidebar-style":"default","ast-global-header-display":"","ast-banner-title-visibility":"","ast-main-header-display":"","ast-hfb-above-header-display":"","ast-hfb-below-header-display":"","ast-hfb-mobile-header-display":"","site-post-title":"","ast-breadcrumbs-content":"","ast-featured-img":"","footer-sml-layout":"","theme-transparent-header-meta":"default","adv-header-id-meta":"","stick-header-meta":"","header-above-stick-meta":"","header-main-stick-meta":"","header-below-stick-meta":"","astra-migrate-meta-layouts":"set","ast-page-background-enabled":"default","ast-page-background-meta":{"desktop":{"background-color":"","background-image":"","background-repeat":"repeat","background-position":"center center","background-size":"auto","background-attachment":"scroll","background-type":"","background-media":"","overlay-type":"","overlay-color":"","overlay-opacity":"","overlay-gradient":""},"tablet":{"background-color":"","background-image":"","background-repeat":"repeat","background-position":"center center","background-size":"auto","background-attachment":"scroll","background-type":"","background-media":"","overlay-type":"","overlay-color":"","overlay-opacity":"","overlay-gradient":""},"mobile":{"background-color":"","background-image":"","background-repeat":"repeat","background-position":"center center","background-size":"auto","background-attachment":"scroll","background-type":"","background-media":"","overlay-type":"","overlay-color":"","overlay-opacity":"","overlay-gradient":""}},"ast-content-background-meta":{"desktop":{"background-color":"var(--ast-global-color-5)","background-image":"","background-repeat":"repeat","background-position":"center center","background-size":"auto","background-attachment":"scroll","background-type":"","background-media":"","overlay-type":"","overlay-color":"","overlay-opacity":"","overlay-gradient":""},"tablet":{"background-color":"var(--ast-global-color-5)","background-image":"","background-repeat":"repeat","background-position":"center center","background-size":"auto","background-attachment":"scroll","background-type":"","background-media":"","overlay-type":"","overlay-color":"","overlay-opacity":"","overlay-gradient":""},"mobile":{"background-color":"var(--ast-global-color-5)","background-image":"","background-repeat":"repeat","background-position":"center center","background-size":"auto","background-attachment":"scroll","background-type":"","background-media":"","overlay-type":"","overlay-color":"","overlay-opacity":"","overlay-gradient":""}},"_kadence_starter_templates_imported_post":false},"product_brand":[],"product_cat":[23],"product_tag":[],"class_list":{"0":"post-3678","1":"product","2":"type-product","3":"status-publish","4":"has-post-thumbnail","6":"product_cat-vinilo","7":"desktop-align-center","8":"tablet-align-center","9":"mobile-align-center","11":"first","12":"instock","13":"shipping-taxable","14":"purchasable","15":"product-type-simple"},"uagb_featured_image_src":{"full":["https:\/\/ccopiajm.com\/wp-content\/uploads\/2025\/11\/10001.jpg",443,590,false],"thumbnail":["https:\/\/ccopiajm.com\/wp-content\/uploads\/2025\/11\/10001-150x150.jpg",150,150,true],"medium":["https:\/\/ccopiajm.com\/wp-content\/uploads\/2025\/11\/10001-225x300.jpg",225,300,true],"medium_large":["https:\/\/ccopiajm.com\/wp-content\/uploads\/2025\/11\/10001.jpg",443,590,false],"large":["https:\/\/ccopiajm.com\/wp-content\/uploads\/2025\/11\/10001.jpg",443,590,false],"1536x1536":["https:\/\/ccopiajm.com\/wp-content\/uploads\/2025\/11\/10001.jpg",443,590,false],"2048x2048":["https:\/\/ccopiajm.com\/wp-content\/uploads\/2025\/11\/10001.jpg",443,590,false],"woocommerce_thumbnail":["https:\/\/ccopiajm.com\/wp-content\/uploads\/2025\/11\/10001.jpg",443,590,false],"woocommerce_single":["https:\/\/ccopiajm.com\/wp-content\/uploads\/2025\/11\/10001.jpg",443,590,false],"woocommerce_gallery_thumbnail":["https:\/\/ccopiajm.com\/wp-content\/uploads\/2025\/11\/10001-100x100.jpg",100,100,true]},"uagb_author_info":{"display_name":"c.copiajmaria@gmail.com","author_link":"https:\/\/ccopiajm.com\/?author=0"},"uagb_comment_info":0,"uagb_excerpt":"Impresi\u00f3n de alta calidad para aplicar en superficies r\u00edgidas como vidrio, pl\u00e1stico, madera o acr\u00edlico. Ideal para personalizar productos con terminaci\u00f3n profesional y gran durabilidad.","_links":{"self":[{"href":"https:\/\/ccopiajm.com\/index.php?rest_route=\/wp\/v2\/product\/3678","targetHints":{"allow":["GET"]}}],"collection":[{"href":"https:\/\/ccopiajm.com\/index.php?rest_route=\/wp\/v2\/product"}],"about":[{"href":"https:\/\/ccopiajm.com\/index.php?rest_route=\/wp\/v2\/types\/product"}],"replies":[{"embeddable":true,"href":"https:\/\/ccopiajm.com\/index.php?rest_route=%2Fwp%2Fv2%2Fcomments&post=3678"}],"wp:featuredmedia":[{"embeddable":true,"href":"https:\/\/ccopiajm.com\/index.php?rest_route=\/wp\/v2\/media\/5743"}],"wp:attachment":[{"href":"https:\/\/ccopiajm.com\/index.php?rest_route=%2Fwp%2Fv2%2Fmedia&parent=3678"}],"wp:term":[{"taxonomy":"product_brand","embeddable":true,"href":"https:\/\/ccopiajm.com\/index.php?rest_route=%2Fwp%2Fv2%2Fproduct_brand&post=3678"},{"taxonomy":"product_cat","embeddable":true,"href":"https:\/\/ccopiajm.com\/index.php?rest_route=%2Fwp%2Fv2%2Fproduct_cat&post=3678"},{"taxonomy":"product_tag","embeddable":true,"href":"https:\/\/ccopiajm.com\/index.php?rest_route=%2Fwp%2Fv2%2Fproduct_tag&post=3678"}],"curies":[{"name":"wp","href":"https:\/\/api.w.org\/{rel}","templated":true}]}}