{"id":3674,"date":"2025-11-19T13:00:26","date_gmt":"2025-11-19T13:00:26","guid":{"rendered":"https:\/\/ccopiajm.com\/producto\/wheat-from-organic-farms\/"},"modified":"2026-03-31T13:07:51","modified_gmt":"2026-03-31T13:07:51","slug":"wheat-from-organic-farms","status":"publish","type":"product","link":"https:\/\/ccopiajm.com\/?product=wheat-from-organic-farms","title":{"rendered":"Impresiones y Copias"},"content":{"rendered":"<p data-start=\"331\" data-end=\"547\">En <strong data-start=\"334\" data-end=\"344\">Ccopia<\/strong> ofrecemos soluciones r\u00e1pidas y de calidad en <strong data-start=\"390\" data-end=\"414\">impresiones y copias<\/strong>, adaptadas a cada necesidad.<br data-start=\"443\" data-end=\"446\" \/>Desde documentos simples hasta trabajos m\u00e1s elaborados, garantizando buena definici\u00f3n y presentaci\u00f3n.<\/p>\n","protected":false},"excerpt":{"rendered":"<p data-start=\"191\" data-end=\"298\">Servicio de impresi\u00f3n y fotocopias en distintos formatos, ideal para uso personal, comercial y profesional.<\/p>\n","protected":false},"featured_media":5635,"comment_status":"open","ping_status":"closed","template":"","meta":{"_uag_custom_page_level_css":"","site-sidebar-layout":"default","site-content-layout":"default","ast-site-content-layout":"default","site-content-style":"default","site-sidebar-style":"default","ast-global-header-display":"","ast-banner-title-visibility":"","ast-main-header-display":"","ast-hfb-above-header-display":"","ast-hfb-below-header-display":"","ast-hfb-mobile-header-display":"","site-post-title":"","ast-breadcrumbs-content":"","ast-featured-img":"","footer-sml-layout":"","theme-transparent-header-meta":"default","adv-header-id-meta":"","stick-header-meta":"","header-above-stick-meta":"","header-main-stick-meta":"","header-below-stick-meta":"","astra-migrate-meta-layouts":"set","ast-page-background-enabled":"default","ast-page-background-meta":{"desktop":{"background-color":"","background-image":"","background-repeat":"repeat","background-position":"center center","background-size":"auto","background-attachment":"scroll","background-type":"","background-media":"","overlay-type":"","overlay-color":"","overlay-opacity":"","overlay-gradient":""},"tablet":{"background-color":"","background-image":"","background-repeat":"repeat","background-position":"center center","background-size":"auto","background-attachment":"scroll","background-type":"","background-media":"","overlay-type":"","overlay-color":"","overlay-opacity":"","overlay-gradient":""},"mobile":{"background-color":"","background-image":"","background-repeat":"repeat","background-position":"center center","background-size":"auto","background-attachment":"scroll","background-type":"","background-media":"","overlay-type":"","overlay-color":"","overlay-opacity":"","overlay-gradient":""}},"ast-content-background-meta":{"desktop":{"background-color":"var(--ast-global-color-5)","background-image":"","background-repeat":"repeat","background-position":"center center","background-size":"auto","background-attachment":"scroll","background-type":"","background-media":"","overlay-type":"","overlay-color":"","overlay-opacity":"","overlay-gradient":""},"tablet":{"background-color":"var(--ast-global-color-5)","background-image":"","background-repeat":"repeat","background-position":"center center","background-size":"auto","background-attachment":"scroll","background-type":"","background-media":"","overlay-type":"","overlay-color":"","overlay-opacity":"","overlay-gradient":""},"mobile":{"background-color":"var(--ast-global-color-5)","background-image":"","background-repeat":"repeat","background-position":"center center","background-size":"auto","background-attachment":"scroll","background-type":"","background-media":"","overlay-type":"","overlay-color":"","overlay-opacity":"","overlay-gradient":""}},"_kadence_starter_templates_imported_post":false},"product_brand":[],"product_cat":[22],"product_tag":[],"class_list":{"0":"post-3674","1":"product","2":"type-product","3":"status-publish","4":"has-post-thumbnail","6":"product_cat-imprenta","7":"desktop-align-center","8":"tablet-align-center","9":"mobile-align-center","11":"first","12":"instock","13":"shipping-taxable","14":"purchasable","15":"product-type-simple"},"uagb_featured_image_src":{"full":["https:\/\/ccopiajm.com\/wp-content\/uploads\/2026\/01\/10001-4-edited.jpg",1060,707,false],"thumbnail":["https:\/\/ccopiajm.com\/wp-content\/uploads\/2026\/01\/10001-4-edited-150x150.jpg",150,150,true],"medium":["https:\/\/ccopiajm.com\/wp-content\/uploads\/2026\/01\/10001-4-edited-300x200.jpg",300,200,true],"medium_large":["https:\/\/ccopiajm.com\/wp-content\/uploads\/2026\/01\/10001-4-edited-768x512.jpg",768,512,true],"large":["https:\/\/ccopiajm.com\/wp-content\/uploads\/2026\/01\/10001-4-edited-1024x683.jpg",1024,683,true],"1536x1536":["https:\/\/ccopiajm.com\/wp-content\/uploads\/2026\/01\/10001-4-edited.jpg",1060,707,false],"2048x2048":["https:\/\/ccopiajm.com\/wp-content\/uploads\/2026\/01\/10001-4-edited.jpg",1060,707,false],"woocommerce_thumbnail":["https:\/\/ccopiajm.com\/wp-content\/uploads\/2026\/01\/10001-4-edited-800x707.jpg",800,707,true],"woocommerce_single":["https:\/\/ccopiajm.com\/wp-content\/uploads\/2026\/01\/10001-4-edited-700x467.jpg",700,467,true],"woocommerce_gallery_thumbnail":["https:\/\/ccopiajm.com\/wp-content\/uploads\/2026\/01\/10001-4-edited-100x100.jpg",100,100,true]},"uagb_author_info":{"display_name":"c.copiajmaria@gmail.com","author_link":"https:\/\/ccopiajm.com\/?author=0"},"uagb_comment_info":0,"uagb_excerpt":"Servicio de impresi\u00f3n y fotocopias en distintos formatos, ideal para uso personal, comercial y profesional.","_links":{"self":[{"href":"https:\/\/ccopiajm.com\/index.php?rest_route=\/wp\/v2\/product\/3674","targetHints":{"allow":["GET"]}}],"collection":[{"href":"https:\/\/ccopiajm.com\/index.php?rest_route=\/wp\/v2\/product"}],"about":[{"href":"https:\/\/ccopiajm.com\/index.php?rest_route=\/wp\/v2\/types\/product"}],"replies":[{"embeddable":true,"href":"https:\/\/ccopiajm.com\/index.php?rest_route=%2Fwp%2Fv2%2Fcomments&post=3674"}],"wp:featuredmedia":[{"embeddable":true,"href":"https:\/\/ccopiajm.com\/index.php?rest_route=\/wp\/v2\/media\/5635"}],"wp:attachment":[{"href":"https:\/\/ccopiajm.com\/index.php?rest_route=%2Fwp%2Fv2%2Fmedia&parent=3674"}],"wp:term":[{"taxonomy":"product_brand","embeddable":true,"href":"https:\/\/ccopiajm.com\/index.php?rest_route=%2Fwp%2Fv2%2Fproduct_brand&post=3674"},{"taxonomy":"product_cat","embeddable":true,"href":"https:\/\/ccopiajm.com\/index.php?rest_route=%2Fwp%2Fv2%2Fproduct_cat&post=3674"},{"taxonomy":"product_tag","embeddable":true,"href":"https:\/\/ccopiajm.com\/index.php?rest_route=%2Fwp%2Fv2%2Fproduct_tag&post=3674"}],"curies":[{"name":"wp","href":"https:\/\/api.w.org\/{rel}","templated":true}]}}