{"id":3673,"date":"2025-11-19T13:00:26","date_gmt":"2025-11-19T13:00:26","guid":{"rendered":"https:\/\/ccopiajm.com\/producto\/kidney-beans-organic\/"},"modified":"2026-03-30T14:15:11","modified_gmt":"2026-03-30T14:15:11","slug":"kidney-beans-organic","status":"publish","type":"product","link":"https:\/\/ccopiajm.com\/?product=kidney-beans-organic","title":{"rendered":"Corte en Polifan para Carteler\u00eda y Gr\u00e1fica"},"content":{"rendered":"<p data-start=\"493\" data-end=\"633\">El <strong data-start=\"496\" data-end=\"507\">polifan<\/strong> es un material liviano, resistente y vers\u00e1til, ideal para la creaci\u00f3n de carteler\u00eda, letras y elementos gr\u00e1ficos con volumen.<\/p>\n<p data-start=\"635\" data-end=\"845\">En Ccopia realizamos <strong data-start=\"656\" data-end=\"684\">corte preciso de polifan<\/strong>, permitiendo desarrollar piezas para decoraci\u00f3n, se\u00f1al\u00e9tica y comunicaci\u00f3n visual, muchas veces combinadas con vinilo para lograr terminaciones m\u00e1s impactantes.<\/p>\n","protected":false},"excerpt":{"rendered":"<p data-start=\"338\" data-end=\"460\">Corte de polifan (goma eva de alta densidad) ideal para carteler\u00eda, letras corp\u00f3reas y aplicaciones combinadas con vinilo.<\/p>\n","protected":false},"featured_media":5649,"comment_status":"open","ping_status":"closed","template":"","meta":{"_uag_custom_page_level_css":"","site-sidebar-layout":"default","site-content-layout":"default","ast-site-content-layout":"default","site-content-style":"default","site-sidebar-style":"default","ast-global-header-display":"","ast-banner-title-visibility":"","ast-main-header-display":"","ast-hfb-above-header-display":"","ast-hfb-below-header-display":"","ast-hfb-mobile-header-display":"","site-post-title":"","ast-breadcrumbs-content":"","ast-featured-img":"","footer-sml-layout":"","theme-transparent-header-meta":"default","adv-header-id-meta":"","stick-header-meta":"","header-above-stick-meta":"","header-main-stick-meta":"","header-below-stick-meta":"","astra-migrate-meta-layouts":"set","ast-page-background-enabled":"default","ast-page-background-meta":{"desktop":{"background-color":"","background-image":"","background-repeat":"repeat","background-position":"center center","background-size":"auto","background-attachment":"scroll","background-type":"","background-media":"","overlay-type":"","overlay-color":"","overlay-opacity":"","overlay-gradient":""},"tablet":{"background-color":"","background-image":"","background-repeat":"repeat","background-position":"center center","background-size":"auto","background-attachment":"scroll","background-type":"","background-media":"","overlay-type":"","overlay-color":"","overlay-opacity":"","overlay-gradient":""},"mobile":{"background-color":"","background-image":"","background-repeat":"repeat","background-position":"center center","background-size":"auto","background-attachment":"scroll","background-type":"","background-media":"","overlay-type":"","overlay-color":"","overlay-opacity":"","overlay-gradient":""}},"ast-content-background-meta":{"desktop":{"background-color":"var(--ast-global-color-5)","background-image":"","background-repeat":"repeat","background-position":"center center","background-size":"auto","background-attachment":"scroll","background-type":"","background-media":"","overlay-type":"","overlay-color":"","overlay-opacity":"","overlay-gradient":""},"tablet":{"background-color":"var(--ast-global-color-5)","background-image":"","background-repeat":"repeat","background-position":"center center","background-size":"auto","background-attachment":"scroll","background-type":"","background-media":"","overlay-type":"","overlay-color":"","overlay-opacity":"","overlay-gradient":""},"mobile":{"background-color":"var(--ast-global-color-5)","background-image":"","background-repeat":"repeat","background-position":"center center","background-size":"auto","background-attachment":"scroll","background-type":"","background-media":"","overlay-type":"","overlay-color":"","overlay-opacity":"","overlay-gradient":""}},"_kadence_starter_templates_imported_post":false},"product_brand":[],"product_cat":[22],"product_tag":[],"class_list":{"0":"post-3673","1":"product","2":"type-product","3":"status-publish","4":"has-post-thumbnail","6":"product_cat-imprenta","7":"desktop-align-center","8":"tablet-align-center","9":"mobile-align-center","11":"first","12":"instock","13":"sale","14":"shipping-taxable","15":"purchasable","16":"product-type-simple"},"uagb_featured_image_src":{"full":["https:\/\/ccopiajm.com\/wp-content\/uploads\/2026\/01\/10001.webp",480,362,false],"thumbnail":["https:\/\/ccopiajm.com\/wp-content\/uploads\/2026\/01\/10001-150x150.webp",150,150,true],"medium":["https:\/\/ccopiajm.com\/wp-content\/uploads\/2026\/01\/10001-300x226.webp",300,226,true],"medium_large":["https:\/\/ccopiajm.com\/wp-content\/uploads\/2026\/01\/10001.webp",480,362,false],"large":["https:\/\/ccopiajm.com\/wp-content\/uploads\/2026\/01\/10001.webp",480,362,false],"1536x1536":["https:\/\/ccopiajm.com\/wp-content\/uploads\/2026\/01\/10001.webp",480,362,false],"2048x2048":["https:\/\/ccopiajm.com\/wp-content\/uploads\/2026\/01\/10001.webp",480,362,false],"woocommerce_thumbnail":["https:\/\/ccopiajm.com\/wp-content\/uploads\/2026\/01\/10001.webp",480,362,false],"woocommerce_single":["https:\/\/ccopiajm.com\/wp-content\/uploads\/2026\/01\/10001.webp",480,362,false],"woocommerce_gallery_thumbnail":["https:\/\/ccopiajm.com\/wp-content\/uploads\/2026\/01\/10001-100x100.webp",100,100,true]},"uagb_author_info":{"display_name":"c.copiajmaria@gmail.com","author_link":"https:\/\/ccopiajm.com\/?author=0"},"uagb_comment_info":0,"uagb_excerpt":"Corte de polifan (goma eva de alta densidad) ideal para carteler\u00eda, letras corp\u00f3reas y aplicaciones combinadas con vinilo.","_links":{"self":[{"href":"https:\/\/ccopiajm.com\/index.php?rest_route=\/wp\/v2\/product\/3673","targetHints":{"allow":["GET"]}}],"collection":[{"href":"https:\/\/ccopiajm.com\/index.php?rest_route=\/wp\/v2\/product"}],"about":[{"href":"https:\/\/ccopiajm.com\/index.php?rest_route=\/wp\/v2\/types\/product"}],"replies":[{"embeddable":true,"href":"https:\/\/ccopiajm.com\/index.php?rest_route=%2Fwp%2Fv2%2Fcomments&post=3673"}],"wp:featuredmedia":[{"embeddable":true,"href":"https:\/\/ccopiajm.com\/index.php?rest_route=\/wp\/v2\/media\/5649"}],"wp:attachment":[{"href":"https:\/\/ccopiajm.com\/index.php?rest_route=%2Fwp%2Fv2%2Fmedia&parent=3673"}],"wp:term":[{"taxonomy":"product_brand","embeddable":true,"href":"https:\/\/ccopiajm.com\/index.php?rest_route=%2Fwp%2Fv2%2Fproduct_brand&post=3673"},{"taxonomy":"product_cat","embeddable":true,"href":"https:\/\/ccopiajm.com\/index.php?rest_route=%2Fwp%2Fv2%2Fproduct_cat&post=3673"},{"taxonomy":"product_tag","embeddable":true,"href":"https:\/\/ccopiajm.com\/index.php?rest_route=%2Fwp%2Fv2%2Fproduct_tag&post=3673"}],"curies":[{"name":"wp","href":"https:\/\/api.w.org\/{rel}","templated":true}]}}